{"id":6,"date":"2020-07-26T14:14:57","date_gmt":"2020-07-26T14:14:57","guid":{"rendered":"https:\/\/lindenhof-wettingen.ch\/?page_id=6"},"modified":"2020-08-01T13:33:15","modified_gmt":"2020-08-01T12:33:15","slug":"home","status":"publish","type":"page","link":"https:\/\/lindenhof-wettingen.ch\/","title":{"rendered":"Home"},"content":{"rendered":"\n<p style=\"font-size:21px\">Willkommen auf der Website der Quartiergruppe Lindenhof<\/p>\n\n\n\n<p>Auf unserer Homepage finden Sie n\u00fctzliche Informationen \u00fcber unsere Quartiergruppe. Wir informieren \u00fcber unsere Aktivit\u00e4ten und kommende Anl\u00e4sse. \u00dcber unsere website haben Sie die M\u00f6glichkeit den <a href=\"https:\/\/lindenhof-wettingen.ch\/?page_id=16\">Partyraum<\/a> im Lindenhof zu mieten.<\/p>\n","protected":false},"excerpt":{"rendered":"<p>Willkommen auf der Website der Quartiergruppe Lindenhof Auf unserer Homepage finden Sie n\u00fctzliche Informationen \u00fcber unsere Quartiergruppe. Wir informieren \u00fcber unsere Aktivit\u00e4ten und kommende Anl\u00e4sse. \u00dcber unsere website haben Sie die M\u00f6glichkeit den Partyraum im Lindenhof zu mieten.<\/p>\n","protected":false},"author":1,"featured_media":0,"parent":0,"menu_order":0,"comment_status":"closed","ping_status":"closed","template":"","meta":{"ngg_post_thumbnail":0,"footnotes":""},"class_list":["post-6","page","type-page","status-publish","hentry"],"_links":{"self":[{"href":"https:\/\/lindenhof-wettingen.ch\/index.php?rest_route=\/wp\/v2\/pages\/6","targetHints":{"allow":["GET"]}}],"collection":[{"href":"https:\/\/lindenhof-wettingen.ch\/index.php?rest_route=\/wp\/v2\/pages"}],"about":[{"href":"https:\/\/lindenhof-wettingen.ch\/index.php?rest_route=\/wp\/v2\/types\/page"}],"author":[{"embeddable":true,"href":"https:\/\/lindenhof-wettingen.ch\/index.php?rest_route=\/wp\/v2\/users\/1"}],"replies":[{"embeddable":true,"href":"https:\/\/lindenhof-wettingen.ch\/index.php?rest_route=%2Fwp%2Fv2%2Fcomments&post=6"}],"version-history":[{"count":4,"href":"https:\/\/lindenhof-wettingen.ch\/index.php?rest_route=\/wp\/v2\/pages\/6\/revisions"}],"predecessor-version":[{"id":172,"href":"https:\/\/lindenhof-wettingen.ch\/index.php?rest_route=\/wp\/v2\/pages\/6\/revisions\/172"}],"wp:attachment":[{"href":"https:\/\/lindenhof-wettingen.ch\/index.php?rest_route=%2Fwp%2Fv2%2Fmedia&parent=6"}],"curies":[{"name":"wp","href":"https:\/\/api.w.org\/{rel}","templated":true}]}}