{"id":104,"date":"2020-07-27T12:24:15","date_gmt":"2020-07-27T11:24:15","guid":{"rendered":"https:\/\/lindenhof-wettingen.ch\/?page_id=104"},"modified":"2023-05-04T12:22:43","modified_gmt":"2023-05-04T11:22:43","slug":"merkblatt-und-wegleitung","status":"publish","type":"page","link":"https:\/\/lindenhof-wettingen.ch\/?page_id=104","title":{"rendered":"Merkblatt und Wegleitung"},"content":{"rendered":"\n<p><strong>Merkblatt und Wegleitung<\/strong><\/p>\n\n\n\n<p><strong>f\u00fcr die Ben\u00fctzung des Gemeinschaftsraumes (Partyraum) Lindenhof<\/strong><\/p>\n\n\n\n<p>Der Gemeinschaftsraum (abgek\u00fcrzt <strong>GR<\/strong>) dient gesellschaftlichem Zusammensein. Alle Lindenhof-Bewohner k\u00f6nnen diesen Raum mieten. Die Quartiergruppe Lindenhof (abgek\u00fcrzt <strong>QGL<\/strong>) verwaltet den GR und m\u00f6chte dadurch einen Dienst f\u00fcr die Lindenhof-Bewohner leisten. Die folgenden Regeln dienen als Grundlage, damit dieser Dienst reibungslos geleistet werden kann.<\/p>\n\n\n\n<ol class=\"wp-block-list\" type=\"1\">\n<li>Tragen Sie Sorge zum GR. Die nachfolgenden Ben\u00fctzer und die QGL, vor allem die Betreuer des GR sind Ihnen dankbar und Sie ersparen sich \u00c4rger! Die Garage darf zum Ein- und Ausladen von Material und Essen ben\u00fctzt werden, das Parkieren von Autos ist allerdings untersagt!<\/li>\n\n\n\n<li>Die Betreuer des GR vereinbaren mit Ihnen den Zeitpunkt der Schl\u00fcsselabgabe. Wir g\u00f6nnen Ihnen (gratis) Zeit f\u00fcr die Vorbereitung Ihres Anlasses. Der Zeitpunkt der Schl\u00fcssel\u00fcbergabe ist jedoch abh\u00e4ngig vom Belegungsplan. Die Schl\u00fcssel geben Sie bitte bis <strong>sp\u00e4testens 10.00 Uhr am Tag nach Ihrem Anlass ab<\/strong>. Die Betreuer kontrollieren die Sauberkeit und das Inventar des GR. Im Falle von Beanstandungen wird der Mieter aufgeboten. Bei Verlust der Schl\u00fcssel haftet der Mieter des GR f\u00fcr eine neue Schliessanlage.<\/li>\n\n\n\n<li>Mietpreis<\/li>\n<\/ol>\n\n\n\n<figure class=\"wp-block-table\"><table><tbody><tr><td>Mitglieder<\/td><td>Nichtmitglieder<\/td><\/tr><tr><td>Fr. 100.-<\/td><td>Fr. 150.-<\/td><\/tr><\/tbody><\/table><\/figure>\n\n\n\n<p><\/p>\n\n\n\n<ol class=\"wp-block-list\" start=\"4\">\n<li>Ben\u00fctzen k\u00f6nnen Sie den GR l\u00e4ngstens bis 24.00 Uhr. Beim Verlassen ist <strong>jeder L\u00e4rm zu vermeiden<\/strong>, die unmittelbaren Nachbarn sind Ihnen dankbar daf\u00fcr.&nbsp; Jugendliche Ben\u00fctzer unter 18 Jahren ist die Belegung nur bis 22.00 Uhr gestattet und erfordert die Anwesenheit eines Erwachsenen. Eltern haften f\u00fcr Ihre Kinder. Nicht eingeladene und ungebetene Jugendliche sind weg zu weisen.<\/li>\n\n\n\n<li>Musik ist auf Zimmerlautst\u00e4rke zu reduzieren, dies gilt besonders auch dann, wenn Fenster oder T\u00fcren ge\u00f6ffnet sind.<\/li>\n\n\n\n<li>S\u00e4mtliches Geschirr im Schrank steht den Ben\u00fctzern frei zur Verf\u00fcgung. Es ist nach Gebrauch sauber gereinigt und komplett an den markierten Platz zur\u00fcck zu stellen. Fehlendes resp. zerbrochenes Geschirr ist vom Mieter bei der Schl\u00fcsselr\u00fcckgabe gem\u00e4ss Inventarliste zu bezahlen. Die Entsorgung erfolgt durch den Mieter.<\/li>\n\n\n\n<li>Das Grillieren ausserhalb des GR ist <strong>nur mit Gas- oder Elektrogrill<\/strong> gestattet, keine Holzkohlegrills. Auch ist m\u00f6glichst auf fettige Marinaden zu verzichten, damit die umliegenden Bewohner nicht von \u00fcberm\u00e4ssigen Rauchentwicklungen bel\u00e4stigt werden. Das Anlehnen mit den Schuhen an den W\u00e4nden ist untersagt.<\/li>\n\n\n\n<li>Im ganzen GR ist absolutes <strong>Rauchverbot<\/strong>! F\u00fcr alle entstandenen Sch\u00e4den im GR (u.a. Mobiliar) ist der Mieter haftbar. Beim Rauchen vor dem GR bitte L\u00e4rm auf ein ertr\u00e4gliches Mass beschr\u00e4nken. Achten Sie darauf, Dekorationen an den W\u00e4nden und an der Decke so zu befestigen, dass keine Sch\u00e4den entstehen.<\/li>\n\n\n\n<li>Hinterlassen Sie bitte den GR in sauberem Zustand. <strong>Der Boden muss feucht aufgenommen werden<\/strong>. Das erforderliche Putzmaterial steht Ihnen zur Verf\u00fcgung. Vergessen Sie bitte das WC und den Eingang beim Putzen nicht!<\/li>\n\n\n\n<li>Am Ende Ihres Anlasses schliessen Sie bitte (nach Durchl\u00fcften) s\u00e4mtliche Fenster. Entfernen Sie auch <strong>s\u00e4mtliche Abf\u00e4lle<\/strong>. Bez\u00fcglich des <strong>K\u00fchlschranks<\/strong> besprechen Sie sich mit den Betreuern.<\/li>\n\n\n\n<li><strong>ACHTUNG! Velos und Mofas d\u00fcrfen nicht im Lindenhofareal abgestellt werden<\/strong>. &nbsp;&nbsp;&nbsp;&nbsp;&nbsp;&nbsp;&nbsp;&nbsp;&nbsp;<br><strong>Die Garage darf f\u00fcr die Lindenhof Bewohner mit eigenem Wohnschl\u00fcssel, zum Ein- und Ausladen von Material und Essen ben\u00fctzt werden, das Parkieren von Autos ist allerdings untersagt! Bitte um R\u00fccksichtnahme<\/strong><\/li>\n<\/ol>\n\n\n\n<p>Im \u00dcbrigen gilt das Reglement betreffend Betrieb des GR, welches beim Eingang angeschlagen ist. Im Falle von Missachtung dieser Regelungen, besonders bei L\u00e4rmbel\u00e4stigung und mutwilliger Zerst\u00f6rung wird dem betreffenden Lindenhofbewohner der GR bis auf weiteres nicht mehr vermietet.<\/p>\n\n\n\n<p><strong>Und nun viel Spass im Gemeinschaftsraum w\u00fcnscht Ihnen die Quartiergruppe Lindenhof<\/strong><\/p>\n","protected":false},"excerpt":{"rendered":"<p>Merkblatt und Wegleitung f\u00fcr die Ben\u00fctzung des Gemeinschaftsraumes (Partyraum) Lindenhof Der Gemeinschaftsraum (abgek\u00fcrzt GR) dient gesellschaftlichem Zusammensein. Alle Lindenhof-Bewohner k\u00f6nnen diesen Raum mieten. Die Quartiergruppe Lindenhof (abgek\u00fcrzt QGL) verwaltet den GR und m\u00f6chte dadurch einen Dienst f\u00fcr die Lindenhof-Bewohner leisten. Die folgenden Regeln dienen als Grundlage, damit dieser Dienst reibungslos geleistet werden kann. Mitglieder Nichtmitglieder &hellip; <\/p>\n<p class=\"link-more\"><a href=\"https:\/\/lindenhof-wettingen.ch\/?page_id=104\" class=\"more-link\"><span class=\"screen-reader-text\">\u201eMerkblatt und Wegleitung\u201c <\/span>weiterlesen<\/a><\/p>\n","protected":false},"author":1,"featured_media":0,"parent":0,"menu_order":0,"comment_status":"closed","ping_status":"closed","template":"","meta":{"ngg_post_thumbnail":0,"footnotes":""},"class_list":["post-104","page","type-page","status-publish","hentry"],"_links":{"self":[{"href":"https:\/\/lindenhof-wettingen.ch\/index.php?rest_route=\/wp\/v2\/pages\/104","targetHints":{"allow":["GET"]}}],"collection":[{"href":"https:\/\/lindenhof-wettingen.ch\/index.php?rest_route=\/wp\/v2\/pages"}],"about":[{"href":"https:\/\/lindenhof-wettingen.ch\/index.php?rest_route=\/wp\/v2\/types\/page"}],"author":[{"embeddable":true,"href":"https:\/\/lindenhof-wettingen.ch\/index.php?rest_route=\/wp\/v2\/users\/1"}],"replies":[{"embeddable":true,"href":"https:\/\/lindenhof-wettingen.ch\/index.php?rest_route=%2Fwp%2Fv2%2Fcomments&post=104"}],"version-history":[{"count":7,"href":"https:\/\/lindenhof-wettingen.ch\/index.php?rest_route=\/wp\/v2\/pages\/104\/revisions"}],"predecessor-version":[{"id":176,"href":"https:\/\/lindenhof-wettingen.ch\/index.php?rest_route=\/wp\/v2\/pages\/104\/revisions\/176"}],"wp:attachment":[{"href":"https:\/\/lindenhof-wettingen.ch\/index.php?rest_route=%2Fwp%2Fv2%2Fmedia&parent=104"}],"curies":[{"name":"wp","href":"https:\/\/api.w.org\/{rel}","templated":true}]}}